{"id":11,"date":"2026-01-15T09:16:14","date_gmt":"2026-01-15T09:16:14","guid":{"rendered":"https:\/\/diehuferei.de\/?page_id=11"},"modified":"2026-01-20T14:45:40","modified_gmt":"2026-01-20T14:45:40","slug":"start","status":"publish","type":"page","link":"https:\/\/diehuferei.de\/","title":{"rendered":"Start"},"content":{"rendered":"\n<div class=\"wp-block-cover alignfull\" style=\"min-height:720px;aspect-ratio:unset;\"><span aria-hidden=\"true\" class=\"wp-block-cover__background has-background-dim-100 has-background-dim has-background-gradient\" style=\"background:linear-gradient(35deg,rgb(74,46,21) 0%,rgb(74,46,21) 73%,rgb(213,162,84) 100%)\"><\/span><div class=\"wp-block-cover__inner-container is-layout-flow wp-block-cover-is-layout-flow\">\n<div class=\"inherit-container-width wp-block-group alignwide is-layout-constrained wp-block-group-is-layout-constrained\">\n<div class=\"wp-block-media-text alignwide has-media-on-the-right is-stacked-on-mobile is-vertically-aligned-center is-image-fill-element\" style=\"grid-template-columns:auto 28%\"><div class=\"wp-block-media-text__content\">\n<h1 class=\"wp-block-heading has-text-align-left has-white-color has-text-color\"><strong><em>Nur das Beste f\u00fcr Dein Pferd!<\/em><\/strong><\/h1>\n\n\n\n<p class=\"has-white-color has-text-color\">Pferde sind meine Leidenschaft. Und mit dieser widme ich mich der Huferei.<\/p>\n<\/div><figure class=\"wp-block-media-text__media\"><img loading=\"lazy\" decoding=\"async\" width=\"768\" height=\"1024\" src=\"https:\/\/diehuferei.de\/wp-content\/uploads\/2026\/01\/huferei-bild-01-768x1024.jpg\" alt=\"\" class=\"wp-image-49 size-large\" style=\"object-position:50% 50%\" srcset=\"https:\/\/diehuferei.de\/wp-content\/uploads\/2026\/01\/huferei-bild-01-768x1024.jpg 768w, https:\/\/diehuferei.de\/wp-content\/uploads\/2026\/01\/huferei-bild-01-225x300.jpg 225w, https:\/\/diehuferei.de\/wp-content\/uploads\/2026\/01\/huferei-bild-01-1152x1536.jpg 1152w, https:\/\/diehuferei.de\/wp-content\/uploads\/2026\/01\/huferei-bild-01.jpg 1200w\" sizes=\"auto, (max-width: 768px) 100vw, 768px\" \/><\/figure><\/div>\n<\/div>\n<\/div><\/div>\n\n\n\n<div class=\"wp-block-group alignfull has-background is-layout-constrained wp-container-core-group-is-layout-9cedb757 wp-block-group-is-layout-constrained\" style=\"background:linear-gradient(135deg,rgb(74,46,21) 0%,rgb(39,19,4) 100%);padding-bottom:0px\">\n<div class=\"wp-block-columns are-vertically-aligned-top is-layout-flex wp-container-core-columns-is-layout-00723822 wp-block-columns-is-layout-flex\">\n<div class=\"wp-block-column is-vertically-aligned-top is-layout-flow wp-container-core-column-is-layout-6b73ce23 wp-block-column-is-layout-flow\">\n<figure class=\"wp-block-image size-large\"><img decoding=\"async\" src=\"https:\/\/diehuferei.de\/wp-content\/themes\/astra\/inc\/assets\/images\/starter-content\/building.svg\" alt=\"\" class=\"wp-image-134\"\/><\/figure>\n\n\n\n<h3 class=\"wp-block-heading has-text-align-left\" style=\"margin-top:16px\">Hufpflegerin<\/h3>\n\n\n\n<p class=\"has-text-align-left\">aus Drolshagen Herpel<\/p>\n<\/div>\n\n\n\n<div class=\"wp-block-column is-vertically-aligned-top is-layout-flow wp-container-core-column-is-layout-6b73ce23 wp-block-column-is-layout-flow\">\n<figure class=\"wp-block-image size-large\"><img decoding=\"async\" src=\"https:\/\/diehuferei.de\/wp-content\/themes\/astra\/inc\/assets\/images\/starter-content\/shopping-bag.svg\" alt=\"\" class=\"wp-image-135\"\/><\/figure>\n\n\n\n<h3 class=\"wp-block-heading has-text-align-left\" style=\"margin-top:16px\">Mit Tasche zu Dir<\/h3>\n\n\n\n<p class=\"has-text-align-left\">Umkreis: ca. 30 km<\/p>\n<\/div>\n\n\n\n<div class=\"wp-block-column is-vertically-aligned-top is-layout-flow wp-container-core-column-is-layout-6b73ce23 wp-block-column-is-layout-flow\">\n<figure class=\"wp-block-image size-large\"><img decoding=\"async\" src=\"https:\/\/diehuferei.de\/wp-content\/themes\/astra\/inc\/assets\/images\/starter-content\/blog.svg\" alt=\"\" class=\"wp-image-136\"\/><\/figure>\n\n\n\n<h3 class=\"wp-block-heading has-text-align-left\" style=\"margin-top:16px\">Beratung<\/h3>\n\n\n\n<p class=\"has-text-align-left\">Hufpflege mit Konzept und Beratung. Ganzheitlicher Aufbau.<\/p>\n<\/div>\n\n\n\n<div class=\"wp-block-column is-vertically-aligned-top is-layout-flow wp-container-core-column-is-layout-6b73ce23 wp-block-column-is-layout-flow\">\n<figure class=\"wp-block-image size-large\"><img decoding=\"async\" src=\"https:\/\/diehuferei.de\/wp-content\/themes\/astra\/inc\/assets\/images\/starter-content\/portfolio.svg\" alt=\"\" class=\"wp-image-137\"\/><\/figure>\n\n\n\n<h3 class=\"wp-block-heading has-text-align-left\" style=\"margin-top:16px\">Portfolio<\/h3>\n\n\n\n<p class=\"has-text-align-left\">Hufpflege, Klebebeschl\u00e4ge, individuelle Beratung und Hufschuhberatung<\/p>\n<\/div>\n<\/div>\n<\/div>\n\n\n\n<div class=\"wp-block-group alignfull has-background is-layout-constrained wp-container-core-group-is-layout-45b0ac4f wp-block-group-is-layout-constrained\" id=\"services\" style=\"background-color:#4a2e15;padding-top:144px;padding-bottom:0px\">\n<h2 class=\"wp-block-heading\"><em>Das biete ich an<\/em><\/h2>\n\n\n\n<div class=\"wp-block-columns is-layout-flex wp-container-core-columns-is-layout-60cbf9bb wp-block-columns-is-layout-flex\" style=\"margin-top:50px\">\n<div class=\"wp-block-column is-layout-flow wp-container-core-column-is-layout-6b73ce23 wp-block-column-is-layout-flow\">\n<figure class=\"wp-block-image size-full\"><img loading=\"lazy\" decoding=\"async\" width=\"1000\" height=\"1500\" src=\"https:\/\/diehuferei.de\/wp-content\/uploads\/2026\/01\/pferd-sonja-02-1000-1500.jpg\" alt=\"\" class=\"wp-image-65\" srcset=\"https:\/\/diehuferei.de\/wp-content\/uploads\/2026\/01\/pferd-sonja-02-1000-1500.jpg 1000w, https:\/\/diehuferei.de\/wp-content\/uploads\/2026\/01\/pferd-sonja-02-1000-1500-200x300.jpg 200w, https:\/\/diehuferei.de\/wp-content\/uploads\/2026\/01\/pferd-sonja-02-1000-1500-683x1024.jpg 683w, https:\/\/diehuferei.de\/wp-content\/uploads\/2026\/01\/pferd-sonja-02-1000-1500-768x1152.jpg 768w\" sizes=\"auto, (max-width: 1000px) 100vw, 1000px\" \/><\/figure>\n\n\n\n<h3 class=\"wp-block-heading\" style=\"margin-top:16px\">Hufpflege &amp; Korrektur<\/h3>\n\n\n\n<p>Eine fachgerechte Hufpflege dient nicht nur dem Schutz des Hufes, sondern ist ein zentrales Instrument zur Korrektur von Fehlstellungen und zur Unterst\u00fctzung der Biomechanik des Pferdes. Durch gezielte Korrekturma\u00dfnahmen k\u00f6nnen Belastungen ausgeglichen, Lahmheiten vorgebeugt und die langfristige Gesunderhaltung des Bewegungsapparates gef\u00f6rdert werden. Voraussetzung hierf\u00fcr ist eine fundierte Hufanalyse sowie die enge Abstimmung zwischen Hufpflegerin und Pferdehalter sowie ggf. auch dem Tierarzt.<\/p>\n<\/div>\n\n\n\n<div class=\"wp-block-column is-layout-flow wp-container-core-column-is-layout-6b73ce23 wp-block-column-is-layout-flow\">\n<figure class=\"wp-block-image size-full\"><img loading=\"lazy\" decoding=\"async\" width=\"1000\" height=\"1500\" src=\"https:\/\/diehuferei.de\/wp-content\/uploads\/2026\/01\/pferd-sonja-03-1000-1500.jpg\" alt=\"\" class=\"wp-image-66\" srcset=\"https:\/\/diehuferei.de\/wp-content\/uploads\/2026\/01\/pferd-sonja-03-1000-1500.jpg 1000w, https:\/\/diehuferei.de\/wp-content\/uploads\/2026\/01\/pferd-sonja-03-1000-1500-200x300.jpg 200w, https:\/\/diehuferei.de\/wp-content\/uploads\/2026\/01\/pferd-sonja-03-1000-1500-683x1024.jpg 683w, https:\/\/diehuferei.de\/wp-content\/uploads\/2026\/01\/pferd-sonja-03-1000-1500-768x1152.jpg 768w\" sizes=\"auto, (max-width: 1000px) 100vw, 1000px\" \/><\/figure>\n\n\n\n<h3 class=\"wp-block-heading\" style=\"margin-top:16px\">Barhufbearbeitung<\/h3>\n\n\n\n<p>Die Barhufbearbeitung zielt darauf ab, den Huf in seiner nat\u00fcrlichen Funktion zu erhalten und zu f\u00f6rdern. Durch regelm\u00e4\u00dfige, fachkundige Bearbeitung werden Balance, Tragf\u00e4higkeit und Sto\u00dfd\u00e4mpfung des Hufes optimiert. Voraussetzung f\u00fcr einen gesunden Barhuf sind eine individuelle Beurteilung von Hufform und Bewegung sowie angepasste Haltungs- und Bodenbedingungen. Richtig umgesetzt, unterst\u00fctzt die Barhufbearbeitung die nat\u00fcrliche Belastbarkeit des Hufes und tr\u00e4gt zur langfristigen Gesundheit des Pferdes bei.<\/p>\n<\/div>\n\n\n\n<div class=\"wp-block-column is-layout-flow wp-container-core-column-is-layout-6b73ce23 wp-block-column-is-layout-flow\">\n<figure class=\"wp-block-image size-full\"><img loading=\"lazy\" decoding=\"async\" width=\"1000\" height=\"1500\" src=\"https:\/\/diehuferei.de\/wp-content\/uploads\/2026\/01\/pferd-sonja-04-1000-1500.jpg\" alt=\"\" class=\"wp-image-67\" srcset=\"https:\/\/diehuferei.de\/wp-content\/uploads\/2026\/01\/pferd-sonja-04-1000-1500.jpg 1000w, https:\/\/diehuferei.de\/wp-content\/uploads\/2026\/01\/pferd-sonja-04-1000-1500-200x300.jpg 200w, https:\/\/diehuferei.de\/wp-content\/uploads\/2026\/01\/pferd-sonja-04-1000-1500-683x1024.jpg 683w, https:\/\/diehuferei.de\/wp-content\/uploads\/2026\/01\/pferd-sonja-04-1000-1500-768x1152.jpg 768w\" sizes=\"auto, (max-width: 1000px) 100vw, 1000px\" \/><\/figure>\n\n\n\n<h3 class=\"wp-block-heading\" style=\"margin-top:16px\">Und weiteres:<\/h3>\n\n\n\n<ul class=\"wp-block-list\">\n<li>Klebebeschl\u00e4ge<\/li>\n\n\n\n<li>Hufschuhberatung<\/li>\n\n\n\n<li>Individuelle Beratung<\/li>\n<\/ul>\n\n\n\n<p>Partnerschaftliches Miteinander:<br>F\u00fcr Deine Anliegen habe ich immer ein offenes Ohr. Eine partnerschaftliche Beziehung zwischen mir als Dienstleister und Pferdehalter ist wesentlicher Kern meiner Arbeit.<\/p>\n<\/div>\n<\/div>\n<\/div>\n\n\n\n<div class=\"wp-block-group alignfull has-ast-global-color-6-color has-text-color has-background has-link-color wp-elements-db728dae43920e129fe208bb662f07c5 is-layout-constrained wp-container-core-group-is-layout-94d206d0 wp-block-group-is-layout-constrained\" id=\"about\" style=\"background:linear-gradient(135deg,rgb(0,0,0) 0%,rgb(74,46,21) 100%);padding-top:143px;padding-bottom:144px\">\n<div class=\"wp-block-media-text has-media-on-the-right is-stacked-on-mobile is-vertically-aligned-center\"><div class=\"wp-block-media-text__content\">\n<div class=\"inherit-container-width wp-block-group is-layout-constrained wp-container-core-group-is-layout-47ce07ec wp-block-group-is-layout-constrained\" style=\"padding-right:80px\">\n<h2 class=\"wp-block-heading\" style=\"padding-right:40px\"><em>Ich komme zu Euch<\/em><\/h2>\n\n\n\n<p>Unser eigener Hof, der Herpelhof, liegt im gleichnamigen Drolshagener Ortsteil Herpel. Von dort aus arbeite ich normalerweise in einem Umkreis von etwa 30 Kilometern. Sprecht mich gerne an.<\/p>\n\n\n\n<p>Die Huferei<br>Sonja Rose<br>An der Heidnocke 2<br><br>57489 Drolshagen<br><br>Tel.: 0163 \/ 216 52 37<br>E-Mail: sonja@diehuferei.de<br><\/p>\n\n\n\n<p>Und nein: ich komme nat\u00fcrlich nicht auf dem Pferd geritten.<\/p>\n<\/div>\n<\/div><figure class=\"wp-block-media-text__media\"><img loading=\"lazy\" decoding=\"async\" width=\"562\" height=\"1024\" src=\"https:\/\/diehuferei.de\/wp-content\/uploads\/2026\/01\/huferei-sonja-562x1024.jpg\" alt=\"\" class=\"wp-image-55 size-full\" srcset=\"https:\/\/diehuferei.de\/wp-content\/uploads\/2026\/01\/huferei-sonja-562x1024.jpg 562w, https:\/\/diehuferei.de\/wp-content\/uploads\/2026\/01\/huferei-sonja-165x300.jpg 165w, https:\/\/diehuferei.de\/wp-content\/uploads\/2026\/01\/huferei-sonja-768x1400.jpg 768w, https:\/\/diehuferei.de\/wp-content\/uploads\/2026\/01\/huferei-sonja-843x1536.jpg 843w, https:\/\/diehuferei.de\/wp-content\/uploads\/2026\/01\/huferei-sonja.jpg 878w\" sizes=\"auto, (max-width: 562px) 100vw, 562px\" \/><\/figure><\/div>\n<\/div>\n\n\n\n<div class=\"wp-block-group alignfull has-background is-layout-constrained wp-container-core-group-is-layout-3fee123f wp-block-group-is-layout-constrained\" id=\"whyus\" style=\"background-color:#4a2e15;padding-top:144px;padding-bottom:144px\">\n<h2 class=\"wp-block-heading\"><em>Warum ich?<\/em><\/h2>\n\n\n\n<div class=\"wp-block-columns is-layout-flex wp-container-core-columns-is-layout-29aadeec wp-block-columns-is-layout-flex\" style=\"margin-top:60px\">\n<div class=\"wp-block-column is-layout-flow wp-container-core-column-is-layout-6b73ce23 wp-block-column-is-layout-flow\">\n<figure class=\"wp-block-image size-large\"><img decoding=\"async\" src=\"https:\/\/diehuferei.de\/wp-content\/themes\/astra\/inc\/assets\/images\/starter-content\/passionate.svg\" alt=\"\" class=\"wp-image-162\"\/><\/figure>\n\n\n\n<h3 class=\"wp-block-heading\" style=\"margin-top:16px\">Mit Liebe dabei<\/h3>\n\n\n\n<p>Bei allem, was Pferde angeht, bin ich stets mit ganzem Herzen dabei. <\/p>\n<\/div>\n\n\n\n<div class=\"wp-block-column is-layout-flow wp-container-core-column-is-layout-6b73ce23 wp-block-column-is-layout-flow\">\n<figure class=\"wp-block-image size-large\"><img decoding=\"async\" src=\"https:\/\/diehuferei.de\/wp-content\/themes\/astra\/inc\/assets\/images\/starter-content\/professional.svg\" alt=\"\" class=\"wp-image-163\"\/><\/figure>\n\n\n\n<h3 class=\"wp-block-heading\" style=\"margin-top:16px\">Professionell<\/h3>\n\n\n\n<p>Liebe allein reicht aber nicht: Selbstverst\u00e4ndlich bin ich ausgebildete Hufpflegerin.<\/p>\n<\/div>\n\n\n\n<div class=\"wp-block-column is-layout-flow wp-container-core-column-is-layout-6b73ce23 wp-block-column-is-layout-flow\">\n<figure class=\"wp-block-image size-large\"><img decoding=\"async\" src=\"https:\/\/diehuferei.de\/wp-content\/themes\/astra\/inc\/assets\/images\/starter-content\/support.svg\" alt=\"\" class=\"wp-image-164\"\/><\/figure>\n\n\n\n<h3 class=\"wp-block-heading\" style=\"margin-top:16px\">Hilfe in der Not<\/h3>\n\n\n\n<p>Wenn mal Not am Pferd ist, dann bin ich unkompliziert f\u00fcr Dich und dein Tier da.<\/p>\n<\/div>\n<\/div>\n<\/div>\n\n\n\n<p><\/p>\n","protected":false},"excerpt":{"rendered":"<p>Hufpflegerin aus Drolshagen Herpel Mit Tasche zu Dir Umkreis: ca. 30 km Beratung Hufpflege mit Konzept und Beratung. Ganzheitlicher Aufbau. [&hellip;]<\/p>\n","protected":false},"author":1,"featured_media":0,"parent":0,"menu_order":0,"comment_status":"closed","ping_status":"closed","template":"","meta":{"site-sidebar-layout":"no-sidebar","site-content-layout":"plain-container","ast-site-content-layout":"default","site-content-style":"default","site-sidebar-style":"default","ast-global-header-display":"","ast-banner-title-visibility":"","ast-main-header-display":"","ast-hfb-above-header-display":"","ast-hfb-below-header-display":"","ast-hfb-mobile-header-display":"","site-post-title":"disabled","ast-breadcrumbs-content":"","ast-featured-img":"","footer-sml-layout":"","ast-disable-related-posts":"","theme-transparent-header-meta":"enabled","adv-header-id-meta":"","stick-header-meta":"","header-above-stick-meta":"","header-main-stick-meta":"","header-below-stick-meta":"","astra-migrate-meta-layouts":"default","ast-page-background-enabled":"default","ast-page-background-meta":{"desktop":{"background-color":"var(--ast-global-color-5)","background-image":"","background-repeat":"repeat","background-position":"center center","background-size":"auto","background-attachment":"scroll","background-type":"","background-media":"","overlay-type":"","overlay-color":"","overlay-opacity":"","overlay-gradient":""},"tablet":{"background-color":"","background-image":"","background-repeat":"repeat","background-position":"center center","background-size":"auto","background-attachment":"scroll","background-type":"","background-media":"","overlay-type":"","overlay-color":"","overlay-opacity":"","overlay-gradient":""},"mobile":{"background-color":"","background-image":"","background-repeat":"repeat","background-position":"center center","background-size":"auto","background-attachment":"scroll","background-type":"","background-media":"","overlay-type":"","overlay-color":"","overlay-opacity":"","overlay-gradient":""}},"ast-content-background-meta":{"desktop":{"background-color":"var(--ast-global-color-4)","background-image":"","background-repeat":"repeat","background-position":"center center","background-size":"auto","background-attachment":"scroll","background-type":"","background-media":"","overlay-type":"","overlay-color":"","overlay-opacity":"","overlay-gradient":""},"tablet":{"background-color":"var(--ast-global-color-4)","background-image":"","background-repeat":"repeat","background-position":"center center","background-size":"auto","background-attachment":"scroll","background-type":"","background-media":"","overlay-type":"","overlay-color":"","overlay-opacity":"","overlay-gradient":""},"mobile":{"background-color":"var(--ast-global-color-4)","background-image":"","background-repeat":"repeat","background-position":"center center","background-size":"auto","background-attachment":"scroll","background-type":"","background-media":"","overlay-type":"","overlay-color":"","overlay-opacity":"","overlay-gradient":""}},"footnotes":""},"class_list":["post-11","page","type-page","status-publish","hentry"],"_links":{"self":[{"href":"https:\/\/diehuferei.de\/index.php?rest_route=\/wp\/v2\/pages\/11","targetHints":{"allow":["GET"]}}],"collection":[{"href":"https:\/\/diehuferei.de\/index.php?rest_route=\/wp\/v2\/pages"}],"about":[{"href":"https:\/\/diehuferei.de\/index.php?rest_route=\/wp\/v2\/types\/page"}],"author":[{"embeddable":true,"href":"https:\/\/diehuferei.de\/index.php?rest_route=\/wp\/v2\/users\/1"}],"replies":[{"embeddable":true,"href":"https:\/\/diehuferei.de\/index.php?rest_route=%2Fwp%2Fv2%2Fcomments&post=11"}],"version-history":[{"count":23,"href":"https:\/\/diehuferei.de\/index.php?rest_route=\/wp\/v2\/pages\/11\/revisions"}],"predecessor-version":[{"id":71,"href":"https:\/\/diehuferei.de\/index.php?rest_route=\/wp\/v2\/pages\/11\/revisions\/71"}],"wp:attachment":[{"href":"https:\/\/diehuferei.de\/index.php?rest_route=%2Fwp%2Fv2%2Fmedia&parent=11"}],"curies":[{"name":"wp","href":"https:\/\/api.w.org\/{rel}","templated":true}]}}